{"id":266,"date":"2017-04-16T20:09:58","date_gmt":"2017-04-16T18:09:58","guid":{"rendered":"http:\/\/blog.etscheid.biz\/?page_id=266"},"modified":"2023-01-02T14:20:52","modified_gmt":"2023-01-02T13:20:52","slug":"glossar","status":"publish","type":"page","link":"https:\/\/etscheid.biz\/blog\/glossar\/","title":{"rendered":"Glossar"},"content":{"rendered":"\n<h4 class=\"wp-block-heading\">&nbsp;<\/h4>\n\n\n\n<h4 class=\"wp-block-heading\">Internet Allgemein:<\/h4>\n\n\n\n<p>2FA = 2 Faktor Authentifizierung. Bedeutet, das neben Benutzername und Passwort auch noch ein zweites Merkmal ben\u00f6tigt wird. z.b. ein automatisch generiertes Einmalpasswort, welches sich alle 30 Sekunden \u00e4ndert.<\/p>\n\n\n\n<hr class=\"wp-block-separator has-alpha-channel-opacity\" \/>\n\n\n\n<h4 class=\"wp-block-heading\">Photovoltaik:<\/h4>\n\n\n\n<p>kwp = kilowatt peak, maximal m\u00f6gliche Leistung in Kw<\/p>\n\n\n\n<p>PV= Photovoltaik<\/p>\n\n\n\n<p>Wechselrichter = Wandler von Gleichstrom (Solarmodule) auf Wechselstrom (normales Stromnetz)<\/p>\n\n\n\n<hr class=\"wp-block-separator has-alpha-channel-opacity\" \/>\n\n\n\n<h4 class=\"wp-block-heading\">Smart Home:<\/h4>\n\n\n\n<p>Aktor = sind umsetzer wie z.B. Schalter<\/p>\n\n\n\n<p>Sensor = F\u00fchler z.B. Temperatur o.\u00e4.<\/p>\n\n\n\n<hr class=\"wp-block-separator has-alpha-channel-opacity\" \/>\n\n\n\n<h4 class=\"wp-block-heading\">VoIP Router:<\/h4>\n\n\n\n<p>PoE = Power over Ethernet, versorgt Netzwerkger\u00e4te mit Strom \u00fcber das LAN-Kabel<\/p>\n\n\n\n<p>Powerline = Netzwerk \u00fcber die Stromleitung z.B. von devolo<\/p>\n\n\n\n<p>SSID = Name des WLAN Netzes<\/p>\n\n\n\n<p>VoIP = Voice over IP<\/p>\n\n\n\n<p>QoS = Ouality of Service, z.B. priorisierung von Sprachverkehr in Netzwerken<\/p>\n\n\n\n<p>VPN = Virtuelles Privates Netz<\/p>\n\n\n\n<hr class=\"wp-block-separator has-alpha-channel-opacity\" \/>\n\n\n\n<h4 class=\"wp-block-heading\">Telekommunikation:<\/h4>\n\n\n\n<p>PR = Partial Rerouting (Leistungsmerkmal im ISDN Netz)<\/p>\n\n\n\n<p>CD= Call Deflection (Leistungsmerkmal im IP-Netz)<\/p>\n","protected":false},"excerpt":{"rendered":"<p>&nbsp; Internet Allgemein: 2FA = 2 Faktor Authentifizierung. Bedeutet, das neben Benutzername und Passwort auch noch ein zweites Merkmal ben\u00f6tigt wird. z.b. ein automatisch generiertes Einmalpasswort, welches sich alle 30 Sekunden \u00e4ndert. Photovoltaik: kwp = kilowatt peak, maximal m\u00f6gliche Leistung in Kw PV= Photovoltaik Wechselrichter = Wandler von Gleichstrom (Solarmodule) auf Wechselstrom (normales Stromnetz) Smart &hellip; <\/p>\n<p class=\"read-more\"><a class=\"readmore-btn\" href=\"https:\/\/etscheid.biz\/blog\/glossar\/\">+<span class=\"screen-reader-text\">  Read More<\/span><\/a><\/p>\n","protected":false},"author":2,"featured_media":0,"parent":0,"menu_order":0,"comment_status":"closed","ping_status":"closed","template":"","meta":{"footnotes":""},"class_list":["post-266","page","type-page","status-publish","hentry"],"_links":{"self":[{"href":"https:\/\/etscheid.biz\/blog\/wp-json\/wp\/v2\/pages\/266","targetHints":{"allow":["GET"]}}],"collection":[{"href":"https:\/\/etscheid.biz\/blog\/wp-json\/wp\/v2\/pages"}],"about":[{"href":"https:\/\/etscheid.biz\/blog\/wp-json\/wp\/v2\/types\/page"}],"author":[{"embeddable":true,"href":"https:\/\/etscheid.biz\/blog\/wp-json\/wp\/v2\/users\/2"}],"replies":[{"embeddable":true,"href":"https:\/\/etscheid.biz\/blog\/wp-json\/wp\/v2\/comments?post=266"}],"version-history":[{"count":2,"href":"https:\/\/etscheid.biz\/blog\/wp-json\/wp\/v2\/pages\/266\/revisions"}],"predecessor-version":[{"id":1734,"href":"https:\/\/etscheid.biz\/blog\/wp-json\/wp\/v2\/pages\/266\/revisions\/1734"}],"wp:attachment":[{"href":"https:\/\/etscheid.biz\/blog\/wp-json\/wp\/v2\/media?parent=266"}],"curies":[{"name":"wp","href":"https:\/\/api.w.org\/{rel}","templated":true}]}}